{"id":1525,"date":"2026-01-07T00:12:52","date_gmt":"2026-01-07T03:12:52","guid":{"rendered":"https:\/\/shop.magian.com.ar\/?post_type=product&#038;p=1525"},"modified":"2026-01-07T00:56:18","modified_gmt":"2026-01-07T03:56:18","slug":"plato-playo-linea-organica-plain-rustica","status":"publish","type":"product","link":"https:\/\/shop.magian.com.ar\/index.php\/producto\/plato-playo-linea-organica-plain-rustica\/","title":{"rendered":"Plato Playo Linea Org\u00e1nica Plain Rustica"},"content":{"rendered":"<p>Plato playo de 27,5cm de di\u00e1metro, acabado org\u00e1nico.<\/p>\n<p>Terminaci\u00f3n brillosa, color crudo y con borde marr\u00f3n.<\/p>\n<p>Material: gres. Apto lavavajillas, microondas y horno.<\/p>\n<p>&nbsp;<\/p>\n","protected":false},"excerpt":{"rendered":"<p>&nbsp;<\/p>\n<p>Plato playo de 27,5cm de di\u00e1metro, acabado org\u00e1nico.<\/p>\n<p>Terminaci\u00f3n brillosa, color crudo y con borde marr\u00f3n.<\/p>\n<p>Material: gres. Apto lavavajillas, microondas y horno.<\/p>\n","protected":false},"featured_media":1527,"template":"","meta":{"site-sidebar-layout":"default","site-content-layout":"","ast-site-content-layout":"default","site-content-style":"default","site-sidebar-style":"default","ast-global-header-display":"","ast-banner-title-visibility":"","ast-main-header-display":"","ast-hfb-above-header-display":"","ast-hfb-below-header-display":"","ast-hfb-mobile-header-display":"","site-post-title":"","ast-breadcrumbs-content":"","ast-featured-img":"","footer-sml-layout":"","theme-transparent-header-meta":"default","adv-header-id-meta":"","stick-header-meta":"","header-above-stick-meta":"","header-main-stick-meta":"","header-below-stick-meta":"","astra-migrate-meta-layouts":"set"},"product_cat":[53,50,61],"product_tag":[],"_links":{"self":[{"href":"https:\/\/shop.magian.com.ar\/index.php\/wp-json\/wp\/v2\/product\/1525"}],"collection":[{"href":"https:\/\/shop.magian.com.ar\/index.php\/wp-json\/wp\/v2\/product"}],"about":[{"href":"https:\/\/shop.magian.com.ar\/index.php\/wp-json\/wp\/v2\/types\/product"}],"wp:featuredmedia":[{"embeddable":true,"href":"https:\/\/shop.magian.com.ar\/index.php\/wp-json\/wp\/v2\/media\/1527"}],"wp:attachment":[{"href":"https:\/\/shop.magian.com.ar\/index.php\/wp-json\/wp\/v2\/media?parent=1525"}],"wp:term":[{"taxonomy":"product_cat","embeddable":true,"href":"https:\/\/shop.magian.com.ar\/index.php\/wp-json\/wp\/v2\/product_cat?post=1525"},{"taxonomy":"product_tag","embeddable":true,"href":"https:\/\/shop.magian.com.ar\/index.php\/wp-json\/wp\/v2\/product_tag?post=1525"}],"curies":[{"name":"wp","href":"https:\/\/api.w.org\/{rel}","templated":true}]}}