{"id":1294,"date":"2025-08-06T00:10:10","date_gmt":"2025-08-06T03:10:10","guid":{"rendered":"https:\/\/shop.magian.com.ar\/?post_type=product&#038;p=1294"},"modified":"2025-11-04T23:35:05","modified_gmt":"2025-11-05T02:35:05","slug":"bowl-linea-organica-plain-pistacho-558-ml","status":"publish","type":"product","link":"https:\/\/shop.magian.com.ar\/index.php\/producto\/bowl-linea-organica-plain-pistacho-558-ml\/","title":{"rendered":"Bowl L\u00ednea Org\u00e1nica Plain Pistacho (558 ml)"},"content":{"rendered":"<p>Bowl L\u00ednea Org\u00e1nica Plain Pistacho<\/p>\n<p>Capacitdad: 558 ml<\/p>\n<p>Color: Verde Pistacho.<\/p>\n<p>Material: Gres.<\/p>\n<p>Terminaci\u00f3n: brillante y acabado org\u00e1nico.<\/p>\n<p>Apto lavavajillas, microondas y horno.<\/p>\n","protected":false},"excerpt":{"rendered":"<p>&nbsp;<\/p>\n<p>Bowl L\u00ednea Org\u00e1nica Plain Pistacho<\/p>\n<p>Capacitdad: 558 ml<\/p>\n<p>Terminaci\u00f3n: brillante y acabado org\u00e1nico.<\/p>\n<p>Color: Verde Pistacho.<\/p>\n<p>Material: Gres.<\/p>\n<p>Apto lavavajillas, microondas y horno.<\/p>\n<p>&nbsp;<\/p>\n","protected":false},"featured_media":1298,"template":"","meta":{"site-sidebar-layout":"default","site-content-layout":"","ast-site-content-layout":"default","site-content-style":"default","site-sidebar-style":"default","ast-global-header-display":"","ast-banner-title-visibility":"","ast-main-header-display":"","ast-hfb-above-header-display":"","ast-hfb-below-header-display":"","ast-hfb-mobile-header-display":"","site-post-title":"","ast-breadcrumbs-content":"","ast-featured-img":"","footer-sml-layout":"","theme-transparent-header-meta":"default","adv-header-id-meta":"","stick-header-meta":"","header-above-stick-meta":"","header-main-stick-meta":"","header-below-stick-meta":"","astra-migrate-meta-layouts":"set"},"product_cat":[52,61],"product_tag":[],"_links":{"self":[{"href":"https:\/\/shop.magian.com.ar\/index.php\/wp-json\/wp\/v2\/product\/1294"}],"collection":[{"href":"https:\/\/shop.magian.com.ar\/index.php\/wp-json\/wp\/v2\/product"}],"about":[{"href":"https:\/\/shop.magian.com.ar\/index.php\/wp-json\/wp\/v2\/types\/product"}],"wp:featuredmedia":[{"embeddable":true,"href":"https:\/\/shop.magian.com.ar\/index.php\/wp-json\/wp\/v2\/media\/1298"}],"wp:attachment":[{"href":"https:\/\/shop.magian.com.ar\/index.php\/wp-json\/wp\/v2\/media?parent=1294"}],"wp:term":[{"taxonomy":"product_cat","embeddable":true,"href":"https:\/\/shop.magian.com.ar\/index.php\/wp-json\/wp\/v2\/product_cat?post=1294"},{"taxonomy":"product_tag","embeddable":true,"href":"https:\/\/shop.magian.com.ar\/index.php\/wp-json\/wp\/v2\/product_tag?post=1294"}],"curies":[{"name":"wp","href":"https:\/\/api.w.org\/{rel}","templated":true}]}}