{"id":1279,"date":"2025-08-06T00:14:17","date_gmt":"2025-08-06T03:14:17","guid":{"rendered":"https:\/\/shop.magian.com.ar\/?post_type=product&#038;p=1279"},"modified":"2025-11-29T13:37:03","modified_gmt":"2025-11-29T16:37:03","slug":"set-de-taza-y-plato-de-cafe-linea-organica-linhas-petroleo-230-ml","status":"publish","type":"product","link":"https:\/\/shop.magian.com.ar\/index.php\/producto\/set-de-taza-y-plato-de-cafe-linea-organica-linhas-petroleo-230-ml\/","title":{"rendered":"Set de Taza y Plato de Caf\u00e9 L\u00ednea Org\u00e1nica Linhas Petr\u00f3leo (230 ml.)"},"content":{"rendered":"<p>El Set incluye una taza y un plato de caf\u00e9.<\/p>\n<p>Capacidad: 230 ml.<\/p>\n<p>Medidas:<\/p>\n<ul>\n<li>Taza: 8 cm. de di\u00e1metro de boca y\u00a0 7,5 cm. de altura,<\/li>\n<li>Plato: 15 cm. de di\u00e1metro.<\/li>\n<\/ul>\n<p>Color: Petroleo Granito<\/p>\n<p>Material: gres.<\/p>\n<p>Terminaci\u00f3n: brillante y org\u00e1nica.<\/p>\n","protected":false},"excerpt":{"rendered":"<p>&nbsp;<\/p>\n<p>El Set incluye una taza y un plato de caf\u00e9.<\/p>\n<p>Capacidad: 230 ml.<\/p>\n<p>Medidas:<\/p>\n<ul>\n<li>Taza: 8 cm. de di\u00e1metro de boca y\u00a0 7,5 cm. de altura,<\/li>\n<li>Plato: 15 cm. de di\u00e1metro.<\/li>\n<\/ul>\n<p>Color: Petroleo Granito<\/p>\n<p>Material: gres.<\/p>\n<p>Terminaci\u00f3n: brillante y org\u00e1nica.<\/p>\n","protected":false},"featured_media":1276,"template":"","meta":{"site-sidebar-layout":"default","site-content-layout":"","ast-site-content-layout":"default","site-content-style":"default","site-sidebar-style":"default","ast-global-header-display":"","ast-banner-title-visibility":"","ast-main-header-display":"","ast-hfb-above-header-display":"","ast-hfb-below-header-display":"","ast-hfb-mobile-header-display":"","site-post-title":"","ast-breadcrumbs-content":"","ast-featured-img":"","footer-sml-layout":"","theme-transparent-header-meta":"default","adv-header-id-meta":"","stick-header-meta":"","header-above-stick-meta":"","header-main-stick-meta":"","header-below-stick-meta":"","astra-migrate-meta-layouts":"set"},"product_cat":[53,32,54,61],"product_tag":[],"_links":{"self":[{"href":"https:\/\/shop.magian.com.ar\/index.php\/wp-json\/wp\/v2\/product\/1279"}],"collection":[{"href":"https:\/\/shop.magian.com.ar\/index.php\/wp-json\/wp\/v2\/product"}],"about":[{"href":"https:\/\/shop.magian.com.ar\/index.php\/wp-json\/wp\/v2\/types\/product"}],"wp:featuredmedia":[{"embeddable":true,"href":"https:\/\/shop.magian.com.ar\/index.php\/wp-json\/wp\/v2\/media\/1276"}],"wp:attachment":[{"href":"https:\/\/shop.magian.com.ar\/index.php\/wp-json\/wp\/v2\/media?parent=1279"}],"wp:term":[{"taxonomy":"product_cat","embeddable":true,"href":"https:\/\/shop.magian.com.ar\/index.php\/wp-json\/wp\/v2\/product_cat?post=1279"},{"taxonomy":"product_tag","embeddable":true,"href":"https:\/\/shop.magian.com.ar\/index.php\/wp-json\/wp\/v2\/product_tag?post=1279"}],"curies":[{"name":"wp","href":"https:\/\/api.w.org\/{rel}","templated":true}]}}