{"id":1179,"date":"2025-04-22T00:40:46","date_gmt":"2025-04-22T03:40:46","guid":{"rendered":"https:\/\/shop.magian.com.ar\/?post_type=product&#038;p=1179"},"modified":"2025-12-31T00:30:57","modified_gmt":"2025-12-31T03:30:57","slug":"funda-de-almohadon-de-jacquard-y-corderito-arena","status":"publish","type":"product","link":"https:\/\/shop.magian.com.ar\/index.php\/producto\/funda-de-almohadon-de-jacquard-y-corderito-arena\/","title":{"rendered":"Funda de Almohad\u00f3n de Jacquard y Corderito (Arena)"},"content":{"rendered":"<p>Funda de Almohad\u00f3n de Jacquard y Corderito Sherpa. Tela de tejido c\u00e1lida, esponjosa y afelpada, s\u00faper suave.<\/p>\n<p>Color: Arena<\/p>\n<p>Composici\u00f3n: 100% Poli\u00e9ster<\/p>\n<p>Medidas:<\/p>\n<ul>\n<li>43 x 43 cm.<\/li>\n<\/ul>\n","protected":false},"excerpt":{"rendered":"<p>&nbsp;<\/p>\n<p>Funda de Almohad\u00f3n de Jacquard y Corderito Sherpa. Tela de tejido c\u00e1lida, esponjosa y afelpada, s\u00faper suave.<\/p>\n<p>Color: Arena<\/p>\n<p>Composici\u00f3n: 100% Poli\u00e9ster<\/p>\n<p>Medidas:<\/p>\n<ul>\n<li>43 x 43 cm.<\/li>\n<\/ul>\n","protected":false},"featured_media":1181,"template":"","meta":{"site-sidebar-layout":"default","site-content-layout":"","ast-site-content-layout":"default","site-content-style":"default","site-sidebar-style":"default","ast-global-header-display":"","ast-banner-title-visibility":"","ast-main-header-display":"","ast-hfb-above-header-display":"","ast-hfb-below-header-display":"","ast-hfb-mobile-header-display":"","site-post-title":"","ast-breadcrumbs-content":"","ast-featured-img":"","footer-sml-layout":"","theme-transparent-header-meta":"default","adv-header-id-meta":"","stick-header-meta":"","header-above-stick-meta":"","header-main-stick-meta":"","header-below-stick-meta":"","astra-migrate-meta-layouts":"set"},"product_cat":[38,22,62],"product_tag":[],"_links":{"self":[{"href":"https:\/\/shop.magian.com.ar\/index.php\/wp-json\/wp\/v2\/product\/1179"}],"collection":[{"href":"https:\/\/shop.magian.com.ar\/index.php\/wp-json\/wp\/v2\/product"}],"about":[{"href":"https:\/\/shop.magian.com.ar\/index.php\/wp-json\/wp\/v2\/types\/product"}],"wp:featuredmedia":[{"embeddable":true,"href":"https:\/\/shop.magian.com.ar\/index.php\/wp-json\/wp\/v2\/media\/1181"}],"wp:attachment":[{"href":"https:\/\/shop.magian.com.ar\/index.php\/wp-json\/wp\/v2\/media?parent=1179"}],"wp:term":[{"taxonomy":"product_cat","embeddable":true,"href":"https:\/\/shop.magian.com.ar\/index.php\/wp-json\/wp\/v2\/product_cat?post=1179"},{"taxonomy":"product_tag","embeddable":true,"href":"https:\/\/shop.magian.com.ar\/index.php\/wp-json\/wp\/v2\/product_tag?post=1179"}],"curies":[{"name":"wp","href":"https:\/\/api.w.org\/{rel}","templated":true}]}}